{"id":375,"date":"2015-02-24T13:25:53","date_gmt":"2015-02-24T13:25:53","guid":{"rendered":"https:\/\/www.enmo-services.eu\/home-2\/"},"modified":"2023-04-25T11:57:56","modified_gmt":"2023-04-25T09:57:56","slug":"home","status":"publish","type":"page","link":"https:\/\/www.enmo-services.eu\/fr\/","title":{"rendered":"Accueil"},"content":{"rendered":"<h1>SERVICE &amp; SUPPORT<\/h1>\n<p class=\"Standard\" style=\"text-align: justify;\">ENMO services est le centre de service et de support du Benelux dans le domaine de la maintenance int\u00e9grale des \u00e9quipements et syst\u00e8mes de mesure pour le son et les vibrations. Nous vous offrons la meilleure performance de vos appareils de mesure gr\u00e2ce \u00e0 un service et un support ad\u00e9quats, y compris des \u00e9talonnages accr\u00e9dit\u00e9s BELAC et tra\u00e7ables conform\u00e9ment \u00e0 la norme ISO 17025, \u00e0 une maintenance pr\u00e9ventive et corrective, la r\u00e9alisation de projets de consultance et \u00e0 une vente et location de ces \u00e9quipements de mesure dans le monde.<\/p>\n<p><a href=\"https:\/\/www.enmo-services.eu\/contact\/\">contactez-nous<\/a>\u00a0<a href=\"https:\/\/www.enmo-services.eu\/fr\/service-et-support\/service-feedback\/?splash=true\">service feedback<\/a><\/p>\n<p>&nbsp;<\/p>\n","protected":false},"excerpt":{"rendered":"<p>SERVICE &amp; SUPPORT ENMO services est le centre de service et de support du Benelux dans le domaine de la maintenance int\u00e9grale des \u00e9quipements et syst\u00e8mes de mesure pour le son et les vibrations. Nous vous offrons la meilleure performance de vos appareils de mesure gr\u00e2ce \u00e0 un service et un support ad\u00e9quats, y compris [&hellip;]<\/p>\n","protected":false},"author":1,"featured_media":3040,"parent":0,"menu_order":5,"comment_status":"open","ping_status":"open","template":"index.php","meta":{"_acf_changed":false,"footnotes":""},"class_list":["post-375","page","type-page","status-publish","has-post-thumbnail","hentry"],"acf":[],"yoast_head":"<!-- This site is optimized with the Yoast SEO plugin v27.6 - https:\/\/yoast.com\/product\/yoast-seo-wordpress\/ -->\n<title>Accueil - ENMO<\/title>\n<meta name=\"robots\" content=\"index, follow, max-snippet:-1, max-image-preview:large, max-video-preview:-1\" \/>\n<link rel=\"canonical\" href=\"https:\/\/www.enmo-services.eu\/fr\/\" \/>\n<meta property=\"og:locale\" content=\"fr_FR\" \/>\n<meta property=\"og:type\" content=\"article\" \/>\n<meta property=\"og:title\" content=\"Accueil - ENMO\" \/>\n<meta property=\"og:description\" content=\"SERVICE &amp; SUPPORT ENMO services est le centre de service et de support du Benelux dans le domaine de la maintenance int\u00e9grale des \u00e9quipements et syst\u00e8mes de mesure pour le son et les vibrations. Nous vous offrons la meilleure performance de vos appareils de mesure gr\u00e2ce \u00e0 un service et un support ad\u00e9quats, y compris [&hellip;]\" \/>\n<meta property=\"og:url\" content=\"https:\/\/www.enmo-services.eu\/fr\/\" \/>\n<meta property=\"og:site_name\" content=\"ENMO\" \/>\n<meta property=\"article:modified_time\" content=\"2023-04-25T09:57:56+00:00\" \/>\n<meta property=\"og:image\" content=\"https:\/\/www.enmo-services.eu\/wp-content\/uploads\/2018\/06\/Enmo_service-1.jpg\" \/>\n\t<meta property=\"og:image:width\" content=\"2000\" \/>\n\t<meta property=\"og:image:height\" content=\"668\" \/>\n\t<meta property=\"og:image:type\" content=\"image\/jpeg\" \/>\n<meta name=\"twitter:card\" content=\"summary_large_image\" \/>\n<meta name=\"twitter:label1\" content=\"Dur\u00e9e de lecture estim\u00e9e\" \/>\n\t<meta name=\"twitter:data1\" content=\"1 minute\" \/>\n<script type=\"application\/ld+json\" class=\"yoast-schema-graph\">{\"@context\":\"https:\\\/\\\/schema.org\",\"@graph\":[{\"@type\":\"WebPage\",\"@id\":\"https:\\\/\\\/www.enmo-services.eu\\\/fr\\\/\",\"url\":\"https:\\\/\\\/www.enmo-services.eu\\\/fr\\\/\",\"name\":\"Accueil - ENMO\",\"isPartOf\":{\"@id\":\"https:\\\/\\\/www.enmo-services.eu\\\/fr\\\/#website\"},\"primaryImageOfPage\":{\"@id\":\"https:\\\/\\\/www.enmo-services.eu\\\/fr\\\/#primaryimage\"},\"image\":{\"@id\":\"https:\\\/\\\/www.enmo-services.eu\\\/fr\\\/#primaryimage\"},\"thumbnailUrl\":\"https:\\\/\\\/www.enmo-services.eu\\\/wp-content\\\/uploads\\\/2018\\\/06\\\/Enmo_service-1.jpg\",\"datePublished\":\"2015-02-24T13:25:53+00:00\",\"dateModified\":\"2023-04-25T09:57:56+00:00\",\"breadcrumb\":{\"@id\":\"https:\\\/\\\/www.enmo-services.eu\\\/fr\\\/#breadcrumb\"},\"inLanguage\":\"fr-FR\",\"potentialAction\":[{\"@type\":\"ReadAction\",\"target\":[\"https:\\\/\\\/www.enmo-services.eu\\\/fr\\\/\"]}]},{\"@type\":\"ImageObject\",\"inLanguage\":\"fr-FR\",\"@id\":\"https:\\\/\\\/www.enmo-services.eu\\\/fr\\\/#primaryimage\",\"url\":\"https:\\\/\\\/www.enmo-services.eu\\\/wp-content\\\/uploads\\\/2018\\\/06\\\/Enmo_service-1.jpg\",\"contentUrl\":\"https:\\\/\\\/www.enmo-services.eu\\\/wp-content\\\/uploads\\\/2018\\\/06\\\/Enmo_service-1.jpg\",\"width\":\"2000\",\"height\":\"668\"},{\"@type\":\"BreadcrumbList\",\"@id\":\"https:\\\/\\\/www.enmo-services.eu\\\/fr\\\/#breadcrumb\",\"itemListElement\":[{\"@type\":\"ListItem\",\"position\":1,\"name\":\"Home\",\"item\":\"https:\\\/\\\/www.enmo-services.eu\\\/fr\\\/\"},{\"@type\":\"ListItem\",\"position\":2,\"name\":\"Accueil\"}]},{\"@type\":\"WebSite\",\"@id\":\"https:\\\/\\\/www.enmo-services.eu\\\/fr\\\/#website\",\"url\":\"https:\\\/\\\/www.enmo-services.eu\\\/fr\\\/\",\"name\":\"ENMO\",\"description\":\"Service Partner in Sound &amp; Vibration\",\"potentialAction\":[{\"@type\":\"SearchAction\",\"target\":{\"@type\":\"EntryPoint\",\"urlTemplate\":\"https:\\\/\\\/www.enmo-services.eu\\\/fr\\\/?s={search_term_string}\"},\"query-input\":{\"@type\":\"PropertyValueSpecification\",\"valueRequired\":true,\"valueName\":\"search_term_string\"}}],\"inLanguage\":\"fr-FR\"}]}<\/script>\n<!-- \/ Yoast SEO plugin. -->","yoast_head_json":{"title":"Accueil - ENMO","robots":{"index":"index","follow":"follow","max-snippet":"max-snippet:-1","max-image-preview":"max-image-preview:large","max-video-preview":"max-video-preview:-1"},"canonical":"https:\/\/www.enmo-services.eu\/fr\/","og_locale":"fr_FR","og_type":"article","og_title":"Accueil - ENMO","og_description":"SERVICE &amp; SUPPORT ENMO services est le centre de service et de support du Benelux dans le domaine de la maintenance int\u00e9grale des \u00e9quipements et syst\u00e8mes de mesure pour le son et les vibrations. Nous vous offrons la meilleure performance de vos appareils de mesure gr\u00e2ce \u00e0 un service et un support ad\u00e9quats, y compris [&hellip;]","og_url":"https:\/\/www.enmo-services.eu\/fr\/","og_site_name":"ENMO","article_modified_time":"2023-04-25T09:57:56+00:00","og_image":[{"width":2000,"height":668,"url":"https:\/\/www.enmo-services.eu\/wp-content\/uploads\/2018\/06\/Enmo_service-1.jpg","type":"image\/jpeg"}],"twitter_card":"summary_large_image","twitter_misc":{"Dur\u00e9e de lecture estim\u00e9e":"1 minute"},"schema":{"@context":"https:\/\/schema.org","@graph":[{"@type":"WebPage","@id":"https:\/\/www.enmo-services.eu\/fr\/","url":"https:\/\/www.enmo-services.eu\/fr\/","name":"Accueil - ENMO","isPartOf":{"@id":"https:\/\/www.enmo-services.eu\/fr\/#website"},"primaryImageOfPage":{"@id":"https:\/\/www.enmo-services.eu\/fr\/#primaryimage"},"image":{"@id":"https:\/\/www.enmo-services.eu\/fr\/#primaryimage"},"thumbnailUrl":"https:\/\/www.enmo-services.eu\/wp-content\/uploads\/2018\/06\/Enmo_service-1.jpg","datePublished":"2015-02-24T13:25:53+00:00","dateModified":"2023-04-25T09:57:56+00:00","breadcrumb":{"@id":"https:\/\/www.enmo-services.eu\/fr\/#breadcrumb"},"inLanguage":"fr-FR","potentialAction":[{"@type":"ReadAction","target":["https:\/\/www.enmo-services.eu\/fr\/"]}]},{"@type":"ImageObject","inLanguage":"fr-FR","@id":"https:\/\/www.enmo-services.eu\/fr\/#primaryimage","url":"https:\/\/www.enmo-services.eu\/wp-content\/uploads\/2018\/06\/Enmo_service-1.jpg","contentUrl":"https:\/\/www.enmo-services.eu\/wp-content\/uploads\/2018\/06\/Enmo_service-1.jpg","width":"2000","height":"668"},{"@type":"BreadcrumbList","@id":"https:\/\/www.enmo-services.eu\/fr\/#breadcrumb","itemListElement":[{"@type":"ListItem","position":1,"name":"Home","item":"https:\/\/www.enmo-services.eu\/fr\/"},{"@type":"ListItem","position":2,"name":"Accueil"}]},{"@type":"WebSite","@id":"https:\/\/www.enmo-services.eu\/fr\/#website","url":"https:\/\/www.enmo-services.eu\/fr\/","name":"ENMO","description":"Service Partner in Sound &amp; Vibration","potentialAction":[{"@type":"SearchAction","target":{"@type":"EntryPoint","urlTemplate":"https:\/\/www.enmo-services.eu\/fr\/?s={search_term_string}"},"query-input":{"@type":"PropertyValueSpecification","valueRequired":true,"valueName":"search_term_string"}}],"inLanguage":"fr-FR"}]}},"_links":{"self":[{"href":"https:\/\/www.enmo-services.eu\/fr\/wp-json\/wp\/v2\/pages\/375","targetHints":{"allow":["GET"]}}],"collection":[{"href":"https:\/\/www.enmo-services.eu\/fr\/wp-json\/wp\/v2\/pages"}],"about":[{"href":"https:\/\/www.enmo-services.eu\/fr\/wp-json\/wp\/v2\/types\/page"}],"author":[{"embeddable":true,"href":"https:\/\/www.enmo-services.eu\/fr\/wp-json\/wp\/v2\/users\/1"}],"replies":[{"embeddable":true,"href":"https:\/\/www.enmo-services.eu\/fr\/wp-json\/wp\/v2\/comments?post=375"}],"version-history":[{"count":5,"href":"https:\/\/www.enmo-services.eu\/fr\/wp-json\/wp\/v2\/pages\/375\/revisions"}],"predecessor-version":[{"id":4410,"href":"https:\/\/www.enmo-services.eu\/fr\/wp-json\/wp\/v2\/pages\/375\/revisions\/4410"}],"wp:featuredmedia":[{"embeddable":true,"href":"https:\/\/www.enmo-services.eu\/fr\/wp-json\/wp\/v2\/media\/3040"}],"wp:attachment":[{"href":"https:\/\/www.enmo-services.eu\/fr\/wp-json\/wp\/v2\/media?parent=375"}],"curies":[{"name":"wp","href":"https:\/\/api.w.org\/{rel}","templated":true}]}}