{"id":2448,"date":"2017-08-29T13:09:28","date_gmt":"2017-08-29T11:09:28","guid":{"rendered":"https:\/\/www.enmo-services.eu\/werken-bij-enmo-2\/"},"modified":"2025-05-07T10:53:30","modified_gmt":"2025-05-07T08:53:30","slug":"werken-bij-enmo","status":"publish","type":"page","link":"https:\/\/www.enmo-services.eu\/fr\/werken-bij-enmo\/","title":{"rendered":"Travailler chez ENMO Services"},"content":{"rendered":"<p style=\"text-align: justify;\">Vous avez le sentiment que vous seriez parfaitement \u00e0 votre place au sein de notre organisation ? Alors n\u2019h\u00e9sitez pas \u00e0 nous contacter. Envoyez-nous votre CV et lettre de motivation \u00e0 <u>hr@enmo.be.<\/u>\u00a0 Nous sommes toujours int\u00e9ress\u00e9s pour rencontrer des talents exceptionnels.<\/p>\n<p>&nbsp;<\/p>\n","protected":false},"excerpt":{"rendered":"<p>Vous avez le sentiment que vous seriez parfaitement \u00e0 votre place au sein de notre organisation ? Alors n\u2019h\u00e9sitez pas \u00e0 nous contacter. Envoyez-nous votre CV et lettre de motivation \u00e0 hr@enmo.be.\u00a0 Nous sommes toujours int\u00e9ress\u00e9s pour rencontrer des talents exceptionnels. &nbsp;<\/p>\n","protected":false},"author":1,"featured_media":6042,"parent":0,"menu_order":1,"comment_status":"closed","ping_status":"closed","template":"werken_bij_enmo.php","meta":{"_acf_changed":false,"footnotes":""},"class_list":["post-2448","page","type-page","status-publish","has-post-thumbnail","hentry"],"acf":[],"yoast_head":"<!-- This site is optimized with the Yoast SEO plugin v27.4 - https:\/\/yoast.com\/product\/yoast-seo-wordpress\/ -->\n<title>Travailler chez ENMO Services - ENMO<\/title>\n<meta name=\"robots\" content=\"index, follow, max-snippet:-1, max-image-preview:large, max-video-preview:-1\" \/>\n<link rel=\"canonical\" href=\"https:\/\/www.enmo-services.eu\/fr\/werken-bij-enmo\/\" \/>\n<meta property=\"og:locale\" content=\"fr_FR\" \/>\n<meta property=\"og:type\" content=\"article\" \/>\n<meta property=\"og:title\" content=\"Travailler chez ENMO Services - ENMO\" \/>\n<meta property=\"og:description\" content=\"Vous avez le sentiment que vous seriez parfaitement \u00e0 votre place au sein de notre organisation ? Alors n\u2019h\u00e9sitez pas \u00e0 nous contacter. Envoyez-nous votre CV et lettre de motivation \u00e0 hr@enmo.be.\u00a0 Nous sommes toujours int\u00e9ress\u00e9s pour rencontrer des talents exceptionnels. &nbsp;\" \/>\n<meta property=\"og:url\" content=\"https:\/\/www.enmo-services.eu\/fr\/werken-bij-enmo\/\" \/>\n<meta property=\"og:site_name\" content=\"ENMO\" \/>\n<meta property=\"article:modified_time\" content=\"2025-05-07T08:53:30+00:00\" \/>\n<meta property=\"og:image\" content=\"https:\/\/www.enmo-services.eu\/wp-content\/uploads\/2025\/05\/ENMO-3.png\" \/>\n\t<meta property=\"og:image:width\" content=\"1280\" \/>\n\t<meta property=\"og:image:height\" content=\"212\" \/>\n\t<meta property=\"og:image:type\" content=\"image\/png\" \/>\n<meta name=\"twitter:card\" content=\"summary_large_image\" \/>\n<meta name=\"twitter:label1\" content=\"Dur\u00e9e de lecture estim\u00e9e\" \/>\n\t<meta name=\"twitter:data1\" content=\"1 minute\" \/>\n<script type=\"application\/ld+json\" class=\"yoast-schema-graph\">{\"@context\":\"https:\\\/\\\/schema.org\",\"@graph\":[{\"@type\":\"WebPage\",\"@id\":\"https:\\\/\\\/www.enmo-services.eu\\\/fr\\\/werken-bij-enmo\\\/\",\"url\":\"https:\\\/\\\/www.enmo-services.eu\\\/fr\\\/werken-bij-enmo\\\/\",\"name\":\"Travailler chez ENMO Services - ENMO\",\"isPartOf\":{\"@id\":\"https:\\\/\\\/www.enmo-services.eu\\\/fr\\\/#website\"},\"primaryImageOfPage\":{\"@id\":\"https:\\\/\\\/www.enmo-services.eu\\\/fr\\\/werken-bij-enmo\\\/#primaryimage\"},\"image\":{\"@id\":\"https:\\\/\\\/www.enmo-services.eu\\\/fr\\\/werken-bij-enmo\\\/#primaryimage\"},\"thumbnailUrl\":\"https:\\\/\\\/www.enmo-services.eu\\\/wp-content\\\/uploads\\\/2025\\\/05\\\/ENMO-3.png\",\"datePublished\":\"2017-08-29T11:09:28+00:00\",\"dateModified\":\"2025-05-07T08:53:30+00:00\",\"breadcrumb\":{\"@id\":\"https:\\\/\\\/www.enmo-services.eu\\\/fr\\\/werken-bij-enmo\\\/#breadcrumb\"},\"inLanguage\":\"fr-FR\",\"potentialAction\":[{\"@type\":\"ReadAction\",\"target\":[\"https:\\\/\\\/www.enmo-services.eu\\\/fr\\\/werken-bij-enmo\\\/\"]}]},{\"@type\":\"ImageObject\",\"inLanguage\":\"fr-FR\",\"@id\":\"https:\\\/\\\/www.enmo-services.eu\\\/fr\\\/werken-bij-enmo\\\/#primaryimage\",\"url\":\"https:\\\/\\\/www.enmo-services.eu\\\/wp-content\\\/uploads\\\/2025\\\/05\\\/ENMO-3.png\",\"contentUrl\":\"https:\\\/\\\/www.enmo-services.eu\\\/wp-content\\\/uploads\\\/2025\\\/05\\\/ENMO-3.png\",\"width\":1280,\"height\":212},{\"@type\":\"BreadcrumbList\",\"@id\":\"https:\\\/\\\/www.enmo-services.eu\\\/fr\\\/werken-bij-enmo\\\/#breadcrumb\",\"itemListElement\":[{\"@type\":\"ListItem\",\"position\":1,\"name\":\"Home\",\"item\":\"https:\\\/\\\/www.enmo-services.eu\\\/fr\\\/\"},{\"@type\":\"ListItem\",\"position\":2,\"name\":\"Travailler chez ENMO Services\"}]},{\"@type\":\"WebSite\",\"@id\":\"https:\\\/\\\/www.enmo-services.eu\\\/fr\\\/#website\",\"url\":\"https:\\\/\\\/www.enmo-services.eu\\\/fr\\\/\",\"name\":\"ENMO\",\"description\":\"Service Partner in Sound &amp; Vibration\",\"potentialAction\":[{\"@type\":\"SearchAction\",\"target\":{\"@type\":\"EntryPoint\",\"urlTemplate\":\"https:\\\/\\\/www.enmo-services.eu\\\/fr\\\/?s={search_term_string}\"},\"query-input\":{\"@type\":\"PropertyValueSpecification\",\"valueRequired\":true,\"valueName\":\"search_term_string\"}}],\"inLanguage\":\"fr-FR\"}]}<\/script>\n<!-- \/ Yoast SEO plugin. -->","yoast_head_json":{"title":"Travailler chez ENMO Services - ENMO","robots":{"index":"index","follow":"follow","max-snippet":"max-snippet:-1","max-image-preview":"max-image-preview:large","max-video-preview":"max-video-preview:-1"},"canonical":"https:\/\/www.enmo-services.eu\/fr\/werken-bij-enmo\/","og_locale":"fr_FR","og_type":"article","og_title":"Travailler chez ENMO Services - ENMO","og_description":"Vous avez le sentiment que vous seriez parfaitement \u00e0 votre place au sein de notre organisation ? Alors n\u2019h\u00e9sitez pas \u00e0 nous contacter. Envoyez-nous votre CV et lettre de motivation \u00e0 hr@enmo.be.\u00a0 Nous sommes toujours int\u00e9ress\u00e9s pour rencontrer des talents exceptionnels. &nbsp;","og_url":"https:\/\/www.enmo-services.eu\/fr\/werken-bij-enmo\/","og_site_name":"ENMO","article_modified_time":"2025-05-07T08:53:30+00:00","og_image":[{"width":1280,"height":212,"url":"https:\/\/www.enmo-services.eu\/wp-content\/uploads\/2025\/05\/ENMO-3.png","type":"image\/png"}],"twitter_card":"summary_large_image","twitter_misc":{"Dur\u00e9e de lecture estim\u00e9e":"1 minute"},"schema":{"@context":"https:\/\/schema.org","@graph":[{"@type":"WebPage","@id":"https:\/\/www.enmo-services.eu\/fr\/werken-bij-enmo\/","url":"https:\/\/www.enmo-services.eu\/fr\/werken-bij-enmo\/","name":"Travailler chez ENMO Services - ENMO","isPartOf":{"@id":"https:\/\/www.enmo-services.eu\/fr\/#website"},"primaryImageOfPage":{"@id":"https:\/\/www.enmo-services.eu\/fr\/werken-bij-enmo\/#primaryimage"},"image":{"@id":"https:\/\/www.enmo-services.eu\/fr\/werken-bij-enmo\/#primaryimage"},"thumbnailUrl":"https:\/\/www.enmo-services.eu\/wp-content\/uploads\/2025\/05\/ENMO-3.png","datePublished":"2017-08-29T11:09:28+00:00","dateModified":"2025-05-07T08:53:30+00:00","breadcrumb":{"@id":"https:\/\/www.enmo-services.eu\/fr\/werken-bij-enmo\/#breadcrumb"},"inLanguage":"fr-FR","potentialAction":[{"@type":"ReadAction","target":["https:\/\/www.enmo-services.eu\/fr\/werken-bij-enmo\/"]}]},{"@type":"ImageObject","inLanguage":"fr-FR","@id":"https:\/\/www.enmo-services.eu\/fr\/werken-bij-enmo\/#primaryimage","url":"https:\/\/www.enmo-services.eu\/wp-content\/uploads\/2025\/05\/ENMO-3.png","contentUrl":"https:\/\/www.enmo-services.eu\/wp-content\/uploads\/2025\/05\/ENMO-3.png","width":1280,"height":212},{"@type":"BreadcrumbList","@id":"https:\/\/www.enmo-services.eu\/fr\/werken-bij-enmo\/#breadcrumb","itemListElement":[{"@type":"ListItem","position":1,"name":"Home","item":"https:\/\/www.enmo-services.eu\/fr\/"},{"@type":"ListItem","position":2,"name":"Travailler chez ENMO Services"}]},{"@type":"WebSite","@id":"https:\/\/www.enmo-services.eu\/fr\/#website","url":"https:\/\/www.enmo-services.eu\/fr\/","name":"ENMO","description":"Service Partner in Sound &amp; Vibration","potentialAction":[{"@type":"SearchAction","target":{"@type":"EntryPoint","urlTemplate":"https:\/\/www.enmo-services.eu\/fr\/?s={search_term_string}"},"query-input":{"@type":"PropertyValueSpecification","valueRequired":true,"valueName":"search_term_string"}}],"inLanguage":"fr-FR"}]}},"_links":{"self":[{"href":"https:\/\/www.enmo-services.eu\/fr\/wp-json\/wp\/v2\/pages\/2448","targetHints":{"allow":["GET"]}}],"collection":[{"href":"https:\/\/www.enmo-services.eu\/fr\/wp-json\/wp\/v2\/pages"}],"about":[{"href":"https:\/\/www.enmo-services.eu\/fr\/wp-json\/wp\/v2\/types\/page"}],"author":[{"embeddable":true,"href":"https:\/\/www.enmo-services.eu\/fr\/wp-json\/wp\/v2\/users\/1"}],"replies":[{"embeddable":true,"href":"https:\/\/www.enmo-services.eu\/fr\/wp-json\/wp\/v2\/comments?post=2448"}],"version-history":[{"count":4,"href":"https:\/\/www.enmo-services.eu\/fr\/wp-json\/wp\/v2\/pages\/2448\/revisions"}],"predecessor-version":[{"id":5269,"href":"https:\/\/www.enmo-services.eu\/fr\/wp-json\/wp\/v2\/pages\/2448\/revisions\/5269"}],"wp:featuredmedia":[{"embeddable":true,"href":"https:\/\/www.enmo-services.eu\/fr\/wp-json\/wp\/v2\/media\/6042"}],"wp:attachment":[{"href":"https:\/\/www.enmo-services.eu\/fr\/wp-json\/wp\/v2\/media?parent=2448"}],"curies":[{"name":"wp","href":"https:\/\/api.w.org\/{rel}","templated":true}]}}